{"id":193,"date":"2021-11-25T18:38:49","date_gmt":"2021-11-25T21:38:49","guid":{"rendered":"https:\/\/concoop.coop.br\/?page_id=193"},"modified":"2021-11-25T18:38:52","modified_gmt":"2021-11-25T21:38:52","slug":"cooperativismo","status":"publish","type":"page","link":"https:\/\/concoop.coop.br\/index.php\/cooperativismo\/","title":{"rendered":"Cooperativismo"},"content":{"rendered":"<p>[et_pb_section fb_built=&#8221;1&#8243; _builder_version=&#8221;4.10.5&#8243; _module_preset=&#8221;default&#8221; background_color=&#8221;#59A388&#8243; global_colors_info=&#8221;{}&#8221;][et_pb_row _builder_version=&#8221;4.10.5&#8243; _module_preset=&#8221;default&#8221; global_colors_info=&#8221;{}&#8221;][et_pb_column type=&#8221;4_4&#8243; _builder_version=&#8221;4.10.5&#8243; _module_preset=&#8221;default&#8221; global_colors_info=&#8221;{}&#8221;][et_pb_text _builder_version=&#8221;4.10.5&#8243; _module_preset=&#8221;default&#8221; header_text_color=&#8221;#FFFFFF&#8221; hover_enabled=&#8221;0&#8243; global_colors_info=&#8221;{}&#8221; sticky_enabled=&#8221;0&#8243;]<\/p>\n<h1>Cooperativismo<\/h1>\n<p>[\/et_pb_text][\/et_pb_column][\/et_pb_row][\/et_pb_section][et_pb_section fb_built=&#8221;1&#8243; _builder_version=&#8221;4.10.5&#8243; _module_preset=&#8221;default&#8221; global_colors_info=&#8221;{}&#8221;][et_pb_row _builder_version=&#8221;4.10.5&#8243; _module_preset=&#8221;default&#8221; global_colors_info=&#8221;{}&#8221;][et_pb_column type=&#8221;4_4&#8243; _builder_version=&#8221;4.10.5&#8243; _module_preset=&#8221;default&#8221; global_colors_info=&#8221;{}&#8221;][et_pb_text _builder_version=&#8221;4.10.5&#8243; _module_preset=&#8221;default&#8221; header_3_text_color=&#8221;#2D6547&#8243; text_orientation=&#8221;justified&#8221; hover_enabled=&#8221;0&#8243; global_colors_info=&#8221;{}&#8221; header_text_align=&#8221;justify&#8221; sticky_enabled=&#8221;0&#8243;]<\/p>\n<h3>Tem coisas que s\u00f3 uma Cooperativa faz por voc\u00ea!<\/h3>\n<p>As cooperativas de trabalho m\u00e9dico s\u00e3o especializadas na cobran\u00e7a de honor\u00e1rios, defesa e valoriza\u00e7\u00e3o do seu trabalho. Por isso, tem coisas que s\u00f3 uma cooperativa faz por voc\u00ea:<\/p>\n<ul>\n<li>Agilidade e precis\u00e3o no repasse de proventos.<\/li>\n<li>Acompanhamento e recupera\u00e7\u00e3o efetiva das glosas.<\/li>\n<li>Cobran\u00e7a correta e completa dos honor\u00e1rios, de acordo com o prontu\u00e1rio de cada paciente.<\/li>\n<li>Controle e acompanhamento do faturamento dentro do prazo estipulado pela operadora, de acordo com as normas da ANS.<\/li>\n<li>Maior poder de negocia\u00e7\u00e3o com os conv\u00eanios, com contratualiza\u00e7\u00e3o e acompanhamento de reajustes.<\/li>\n<li>Elimina\u00e7\u00e3o do risco de reten\u00e7\u00e3o a maior do INSS.<\/li>\n<li>Custo global final menor do que em uma PJ. Despesas administrativas, cont\u00e1beis e jur\u00eddicas inseridas na taxa de administra\u00e7\u00e3o e dilu\u00eddas entre os cooperados.<\/li>\n<li>Atualiza\u00e7\u00e3o constante quanto \u00e0s quest\u00f5es legais.<\/li>\n<li>Representatividade pol\u00edtica: juntos somos mais fortes.<\/li>\n<li>Mais seguran\u00e7a, agilidade e precis\u00e3o para os m\u00e9dicos tamb\u00e9m no repasse de honor\u00e1rios do SUS, com troca de arquivos em meio magn\u00e9tico e minimiza\u00e7\u00e3o do risco fiscal para gestor.<\/li>\n<\/ul>\n<p>[\/et_pb_text][\/et_pb_column][\/et_pb_row][\/et_pb_section][et_pb_section fb_built=&#8221;1&#8243; _builder_version=&#8221;4.10.5&#8243; _module_preset=&#8221;default&#8221; background_color=&#8221;#91cda0&#8243; global_module=&#8221;97&#8243; global_colors_info=&#8221;{}&#8221;][et_pb_row column_structure=&#8221;1_3,1_3,1_3&#8243; _builder_version=&#8221;4.10.5&#8243; _module_preset=&#8221;default&#8221; global_colors_info=&#8221;{}&#8221;][et_pb_column type=&#8221;1_3&#8243; _builder_version=&#8221;4.10.5&#8243; _module_preset=&#8221;default&#8221; global_colors_info=&#8221;{}&#8221;][et_pb_text _builder_version=&#8221;4.10.5&#8243; _module_preset=&#8221;default&#8221; text_text_color=&#8221;#FFFFFF&#8221; header_3_font=&#8221;|||on|||||&#8221; header_3_text_color=&#8221;#FFFFFF&#8221; header_3_font_size=&#8221;20px&#8221; global_colors_info=&#8221;{}&#8221;]<\/p>\n<h3>Seja um cooperado<\/h3>\n<p>Seja nosso cooperado e utilizar todos os benef\u00edcios que voc\u00ea pode precisar.<\/p>\n<p>[\/et_pb_text][et_pb_button button_text=&#8221;CADASTRE-SE&#8221; _builder_version=&#8221;4.10.5&#8243; _module_preset=&#8221;default&#8221; custom_button=&#8221;on&#8221; button_text_size=&#8221;16px&#8221; button_text_color=&#8221;#2D6547&#8243; button_bg_color=&#8221;#FFFFFF&#8221; button_border_width=&#8221;1px&#8221; button_border_color=&#8221;#2D6547&#8243; button_border_radius=&#8221;30px&#8221; button_use_icon=&#8221;off&#8221; global_colors_info=&#8221;{}&#8221;][\/et_pb_button][\/et_pb_column][et_pb_column type=&#8221;1_3&#8243; _builder_version=&#8221;4.10.5&#8243; _module_preset=&#8221;default&#8221; global_colors_info=&#8221;{}&#8221;][et_pb_text _builder_version=&#8221;4.10.5&#8243; _module_preset=&#8221;default&#8221; text_text_color=&#8221;#FFFFFF&#8221; header_3_font=&#8221;|||on|||||&#8221; header_3_text_color=&#8221;#FFFFFF&#8221; header_3_font_size=&#8221;20px&#8221; global_colors_info=&#8221;{}&#8221;]<\/p>\n<h3>Endere\u00e7o<\/h3>\n<p>Rua Juru\u00e1, 50 &#8211; loja 08, Bairro da Gra\u00e7a, <br \/>Belo Horizonte \u2013 Minas Gerais <br \/>CEP: 31140-020<\/p>\n<p>[\/et_pb_text][et_pb_text _builder_version=&#8221;4.10.5&#8243; _module_preset=&#8221;default&#8221; text_text_color=&#8221;#FFFFFF&#8221; header_3_font=&#8221;|||on|||||&#8221; header_3_text_color=&#8221;#FFFFFF&#8221; header_3_font_size=&#8221;20px&#8221; global_colors_info=&#8221;{}&#8221;]<\/p>\n<h3>Hor\u00e1rio de funcionamento<\/h3>\n<p><strong>Segunda a sexta-feira:<\/strong> 8h \u00e0s 17h<br \/><strong>Fechado no hor\u00e1rio de almo\u00e7o:<\/strong> 12h \u00e0s 13h<\/p>\n<p>[\/et_pb_text][\/et_pb_column][et_pb_column type=&#8221;1_3&#8243; _builder_version=&#8221;4.10.5&#8243; _module_preset=&#8221;default&#8221; global_colors_info=&#8221;{}&#8221;][et_pb_text _builder_version=&#8221;4.10.5&#8243; _module_preset=&#8221;default&#8221; text_text_color=&#8221;#FFFFFF&#8221; link_font=&#8221;|600|||||||&#8221; link_text_color=&#8221;#FFFFFF&#8221; header_2_font=&#8221;|600|||||||&#8221; header_2_text_color=&#8221;#FFFFFF&#8221; header_3_font=&#8221;|||on|||||&#8221; header_3_text_color=&#8221;#FFFFFF&#8221; header_3_font_size=&#8221;20px&#8221; global_colors_info=&#8221;{}&#8221;]<\/p>\n<h3>Central de atendimento<\/h3>\n<h2><a href=\"tel:3125104144\"><img loading=\"lazy\" decoding=\"async\" class=\"wp-image-57 alignnone size-full\" src=\"https:\/\/concoop.coop.br\/wp-content\/uploads\/2021\/11\/telefone.png\" alt=\"\" width=\"20\" height=\"20\" \/>\u00a031 2510-4144<\/a><\/h2>\n<p><strong>E-mail:<\/strong> <a href=\"mailto:contato@concoop.com.br\">contato@concoop.com.br<\/a><\/p>\n<p>[\/et_pb_text][\/et_pb_column][\/et_pb_row][\/et_pb_section]<\/p>\n","protected":false},"excerpt":{"rendered":"<p>CooperativismoTem coisas que s\u00f3 uma Cooperativa faz por voc\u00ea! As cooperativas de trabalho m\u00e9dico s\u00e3o especializadas na cobran\u00e7a de honor\u00e1rios, defesa e valoriza\u00e7\u00e3o do seu trabalho. Por isso, tem coisas que s\u00f3 uma cooperativa faz por voc\u00ea: Agilidade e precis\u00e3o no repasse de proventos. Acompanhamento e recupera\u00e7\u00e3o efetiva das glosas. Cobran\u00e7a correta e completa dos [&hellip;]<\/p>\n","protected":false},"author":1,"featured_media":0,"parent":0,"menu_order":0,"comment_status":"closed","ping_status":"closed","template":"","meta":{"_et_pb_use_builder":"on","_et_pb_old_content":"","_et_gb_content_width":"","footnotes":""},"class_list":["post-193","page","type-page","status-publish","hentry"],"_links":{"self":[{"href":"https:\/\/concoop.coop.br\/index.php\/wp-json\/wp\/v2\/pages\/193","targetHints":{"allow":["GET"]}}],"collection":[{"href":"https:\/\/concoop.coop.br\/index.php\/wp-json\/wp\/v2\/pages"}],"about":[{"href":"https:\/\/concoop.coop.br\/index.php\/wp-json\/wp\/v2\/types\/page"}],"author":[{"embeddable":true,"href":"https:\/\/concoop.coop.br\/index.php\/wp-json\/wp\/v2\/users\/1"}],"replies":[{"embeddable":true,"href":"https:\/\/concoop.coop.br\/index.php\/wp-json\/wp\/v2\/comments?post=193"}],"version-history":[{"count":2,"href":"https:\/\/concoop.coop.br\/index.php\/wp-json\/wp\/v2\/pages\/193\/revisions"}],"predecessor-version":[{"id":196,"href":"https:\/\/concoop.coop.br\/index.php\/wp-json\/wp\/v2\/pages\/193\/revisions\/196"}],"wp:attachment":[{"href":"https:\/\/concoop.coop.br\/index.php\/wp-json\/wp\/v2\/media?parent=193"}],"curies":[{"name":"wp","href":"https:\/\/api.w.org\/{rel}","templated":true}]}}