{"id":45,"date":"2021-11-25T07:07:07","date_gmt":"2021-11-25T10:07:07","guid":{"rendered":"https:\/\/concoop.coop.br\/?page_id=45"},"modified":"2021-11-25T13:10:06","modified_gmt":"2021-11-25T16:10:06","slug":"home","status":"publish","type":"page","link":"https:\/\/concoop.coop.br\/","title":{"rendered":"Home"},"content":{"rendered":"<p>[et_pb_section fb_built=&#8221;1&#8243; fullwidth=&#8221;on&#8221; _builder_version=&#8221;4.10.5&#8243; _module_preset=&#8221;default&#8221; global_colors_info=&#8221;{}&#8221;][et_pb_fullwidth_image src=&#8221;https:\/\/concoop.coop.br\/wp-content\/uploads\/2021\/11\/banner.jpg&#8221; title_text=&#8221;banner&#8221; _builder_version=&#8221;4.10.5&#8243; _module_preset=&#8221;default&#8221; global_colors_info=&#8221;{}&#8221;][\/et_pb_fullwidth_image][\/et_pb_section][et_pb_section fb_built=&#8221;1&#8243; _builder_version=&#8221;4.10.5&#8243; _module_preset=&#8221;default&#8221; global_colors_info=&#8221;{}&#8221;][et_pb_row column_structure=&#8221;1_4,1_4,1_4,1_4&#8243; _builder_version=&#8221;4.10.5&#8243; _module_preset=&#8221;default&#8221; global_colors_info=&#8221;{}&#8221;][et_pb_column type=&#8221;1_4&#8243; _builder_version=&#8221;4.10.5&#8243; _module_preset=&#8221;default&#8221; global_colors_info=&#8221;{}&#8221;][et_pb_image src=&#8221;https:\/\/concoop.coop.br\/wp-content\/uploads\/2021\/11\/relatorio.jpg&#8221; title_text=&#8221;Relat\u00f3rio de Repasse&#8221; url=&#8221;https:\/\/fencom.coop.br\/demonstrativo\/&#8221; url_new_window=&#8221;on&#8221; admin_label=&#8221;relat\u00f3rio repasse&#8221; _builder_version=&#8221;4.10.5&#8243; _module_preset=&#8221;default&#8221; global_colors_info=&#8221;{}&#8221;][\/et_pb_image][\/et_pb_column][et_pb_column type=&#8221;1_4&#8243; _builder_version=&#8221;4.10.5&#8243; _module_preset=&#8221;default&#8221; global_colors_info=&#8221;{}&#8221;][et_pb_image src=&#8221;https:\/\/concoop.coop.br\/wp-content\/uploads\/2021\/11\/declaracao-inss.jpg&#8221; title_text=&#8221;Declara\u00e7\u00e3o INSS&#8221; url=&#8221;http:\/\/inss.fencom.com.br:8085\/#\/&#8221; url_new_window=&#8221;on&#8221; admin_label=&#8221;Inss&#8221; _builder_version=&#8221;4.10.5&#8243; _module_preset=&#8221;default&#8221; global_colors_info=&#8221;{}&#8221;][\/et_pb_image][\/et_pb_column][et_pb_column type=&#8221;1_4&#8243; _builder_version=&#8221;4.10.5&#8243; _module_preset=&#8221;default&#8221; global_colors_info=&#8221;{}&#8221;][et_pb_image src=&#8221;https:\/\/concoop.coop.br\/wp-content\/uploads\/2021\/11\/documentacao.jpg&#8221; title_text=&#8221;Documenta\u00e7\u00e3o para Cooperar&#8221; _builder_version=&#8221;4.10.5&#8243; _module_preset=&#8221;default&#8221; global_colors_info=&#8221;{}&#8221;][\/et_pb_image][\/et_pb_column][et_pb_column type=&#8221;1_4&#8243; _builder_version=&#8221;4.10.5&#8243; _module_preset=&#8221;default&#8221; global_colors_info=&#8221;{}&#8221;][et_pb_image src=&#8221;https:\/\/concoop.coop.br\/wp-content\/uploads\/2021\/11\/atualize-seus-dados.jpg&#8221; title_text=&#8221;Atualize seus Dados&#8221; _builder_version=&#8221;4.10.5&#8243; _module_preset=&#8221;default&#8221; global_colors_info=&#8221;{}&#8221;][\/et_pb_image][\/et_pb_column][\/et_pb_row][\/et_pb_section][et_pb_section fb_built=&#8221;1&#8243; _builder_version=&#8221;4.10.5&#8243; _module_preset=&#8221;default&#8221; background_color=&#8221;#f2f2f2&#8243; global_colors_info=&#8221;{}&#8221;][et_pb_row _builder_version=&#8221;4.10.5&#8243; _module_preset=&#8221;default&#8221; global_colors_info=&#8221;{}&#8221;][et_pb_column type=&#8221;4_4&#8243; _builder_version=&#8221;4.10.5&#8243; _module_preset=&#8221;default&#8221; global_colors_info=&#8221;{}&#8221;][et_pb_text _builder_version=&#8221;4.10.5&#8243; _module_preset=&#8221;default&#8221; header_text_align=&#8221;center&#8221; header_text_color=&#8221;#59A388&#8243; header_5_text_align=&#8221;center&#8221; header_5_text_color=&#8221;#424242&#8243; header_5_font_size=&#8221;15px&#8221; global_colors_info=&#8221;{}&#8221;]<\/p>\n<h1>Tem coisas que s\u00f3 uma Cooperativa faz por voc\u00ea!<\/h1>\n<h5>As cooperativas de trabalho m\u00e9dico s\u00e3o especializadas na cobran\u00e7a de honor\u00e1rios, defesa e valoriza\u00e7\u00e3o do seu trabalho.<\/h5>\n<h5>Por isso, tem coisas que s\u00f3 uma cooperativa faz por voc\u00ea:<\/h5>\n<p>[\/et_pb_text][\/et_pb_column][\/et_pb_row][et_pb_row column_structure=&#8221;1_2,1_2&#8243; _builder_version=&#8221;4.10.5&#8243; _module_preset=&#8221;default&#8221; global_colors_info=&#8221;{}&#8221;][et_pb_column type=&#8221;1_2&#8243; _builder_version=&#8221;4.10.5&#8243; _module_preset=&#8221;default&#8221; global_colors_info=&#8221;{}&#8221;][et_pb_text _builder_version=&#8221;4.10.5&#8243; _module_preset=&#8221;default&#8221; global_colors_info=&#8221;{}&#8221;]<\/p>\n<p>Agilidade e precis\u00e3o no repasse de proventos.<\/p>\n<p>Acompanhamento e recupera\u00e7\u00e3o efetiva das glosas.<\/p>\n<p>Cobran\u00e7a correta e completa dos honor\u00e1rios, de acordo com o prontu\u00e1rio de cada paciente.<\/p>\n<p>Controle e acompanhamento do faturamento dentro do prazo estipulado pela operadora, de acordo com as normas da ANS.<\/p>\n<p>Maior poder de negocia\u00e7\u00e3o com os conv\u00eanios, com contratualiza\u00e7\u00e3o e acompanhamento de reajustes.<\/p>\n<p>[\/et_pb_text][\/et_pb_column][et_pb_column type=&#8221;1_2&#8243; _builder_version=&#8221;4.10.5&#8243; _module_preset=&#8221;default&#8221; global_colors_info=&#8221;{}&#8221;][et_pb_text _builder_version=&#8221;4.10.5&#8243; _module_preset=&#8221;default&#8221; global_colors_info=&#8221;{}&#8221;]<\/p>\n<p>Elimina\u00e7\u00e3o do risco de reten\u00e7\u00e3o a maior do INSS.<\/p>\n<p>Custo global final menor do que em uma PJ. Despesas administrativas, cont\u00e1beis e jur\u00eddicas inseridas na taxa de administra\u00e7\u00e3o e dilu\u00eddas entre os cooperados.<\/p>\n<p>Atualiza\u00e7\u00e3o constante quanto \u00e0s quest\u00f5es legais.<\/p>\n<p>Representatividade pol\u00edtica: juntos somos mais fortes.<\/p>\n<p>Mais seguran\u00e7a, agilidade e precis\u00e3o para os m\u00e9dicos tamb\u00e9m no repasse de honor\u00e1rios do SUS, com troca de arquivos em meio magn\u00e9tico e minimiza\u00e7\u00e3o do risco fiscal para gestor.<\/p>\n<p>[\/et_pb_text][\/et_pb_column][\/et_pb_row][et_pb_row _builder_version=&#8221;4.10.5&#8243; _module_preset=&#8221;default&#8221; global_colors_info=&#8221;{}&#8221;][et_pb_column type=&#8221;4_4&#8243; _builder_version=&#8221;4.10.5&#8243; _module_preset=&#8221;default&#8221; global_colors_info=&#8221;{}&#8221;][et_pb_button button_text=&#8221;Fa\u00e7a parte voc\u00ea tamb\u00e9m!&#8221; button_alignment=&#8221;center&#8221; _builder_version=&#8221;4.10.5&#8243; _module_preset=&#8221;default&#8221; custom_button=&#8221;on&#8221; button_text_size=&#8221;18px&#8221; button_text_color=&#8221;#424242&#8243; button_bg_color=&#8221;#FFFFFF&#8221; button_border_width=&#8221;0px&#8221; button_border_radius=&#8221;30px&#8221; button_use_icon=&#8221;off&#8221; box_shadow_style=&#8221;preset3&#8243; global_colors_info=&#8221;{}&#8221;][\/et_pb_button][\/et_pb_column][\/et_pb_row][\/et_pb_section][et_pb_section fb_built=&#8221;1&#8243; _builder_version=&#8221;4.10.5&#8243; _module_preset=&#8221;default&#8221; global_colors_info=&#8221;{}&#8221;][et_pb_row _builder_version=&#8221;4.10.5&#8243; _module_preset=&#8221;default&#8221; global_colors_info=&#8221;{}&#8221;][et_pb_column type=&#8221;4_4&#8243; _builder_version=&#8221;4.10.5&#8243; _module_preset=&#8221;default&#8221; global_colors_info=&#8221;{}&#8221;][et_pb_text _builder_version=&#8221;4.10.5&#8243; _module_preset=&#8221;default&#8221; header_text_align=&#8221;center&#8221; header_text_color=&#8221;#59A388&#8243; header_5_text_align=&#8221;center&#8221; header_5_text_color=&#8221;#424242&#8243; header_5_font_size=&#8221;18px&#8221; global_colors_info=&#8221;{}&#8221;]<\/p>\n<h1>Envie uma mensagem com sua d\u00favida?<\/h1>\n<h5>Receba uma proposta adequada \u00e0 sua necessidade.<\/h5>\n<p>[\/et_pb_text][\/et_pb_column][\/et_pb_row][et_pb_row _builder_version=&#8221;4.10.5&#8243; _module_preset=&#8221;default&#8221; global_colors_info=&#8221;{}&#8221;][et_pb_column type=&#8221;4_4&#8243; _builder_version=&#8221;4.10.5&#8243; _module_preset=&#8221;default&#8221; global_colors_info=&#8221;{}&#8221;][et_pb_contact_form captcha=&#8221;off&#8221; submit_button_text=&#8221;ENVIAR&#8221; _builder_version=&#8221;4.10.5&#8243; _module_preset=&#8221;default&#8221; form_field_background_color=&#8221;#e0eee9&#8243; custom_button=&#8221;on&#8221; button_text_size=&#8221;16px&#8221; button_text_color=&#8221;#59A388&#8243; button_bg_color=&#8221;#FFFFFF&#8221; button_border_width=&#8221;2px&#8221; button_border_color=&#8221;#59A388&#8243; button_border_radius=&#8221;20px&#8221; global_colors_info=&#8221;{}&#8221;][et_pb_contact_field field_id=&#8221;Name&#8221; field_title=&#8221;Nome&#8221; _builder_version=&#8221;4.10.5&#8243; global_colors_info=&#8221;{}&#8221; button_text_size__hover_enabled=&#8221;off&#8221; button_one_text_size__hover_enabled=&#8221;off&#8221; button_two_text_size__hover_enabled=&#8221;off&#8221; button_text_color__hover_enabled=&#8221;off&#8221; button_one_text_color__hover_enabled=&#8221;off&#8221; button_two_text_color__hover_enabled=&#8221;off&#8221; button_border_width__hover_enabled=&#8221;off&#8221; button_one_border_width__hover_enabled=&#8221;off&#8221; button_two_border_width__hover_enabled=&#8221;off&#8221; button_border_color__hover_enabled=&#8221;off&#8221; button_one_border_color__hover_enabled=&#8221;off&#8221; button_two_border_color__hover_enabled=&#8221;off&#8221; button_border_radius__hover_enabled=&#8221;off&#8221; button_one_border_radius__hover_enabled=&#8221;off&#8221; button_two_border_radius__hover_enabled=&#8221;off&#8221; button_letter_spacing__hover_enabled=&#8221;off&#8221; button_one_letter_spacing__hover_enabled=&#8221;off&#8221; button_two_letter_spacing__hover_enabled=&#8221;off&#8221; button_bg_color__hover_enabled=&#8221;off&#8221; button_one_bg_color__hover_enabled=&#8221;off&#8221; button_two_bg_color__hover_enabled=&#8221;off&#8221;][\/et_pb_contact_field][et_pb_contact_field field_id=&#8221;Email&#8221; field_title=&#8221;E-mail&#8221; field_type=&#8221;email&#8221; _builder_version=&#8221;3.16&#8243; global_colors_info=&#8221;{}&#8221; button_text_size__hover_enabled=&#8221;off&#8221; button_one_text_size__hover_enabled=&#8221;off&#8221; button_two_text_size__hover_enabled=&#8221;off&#8221; button_text_color__hover_enabled=&#8221;off&#8221; button_one_text_color__hover_enabled=&#8221;off&#8221; button_two_text_color__hover_enabled=&#8221;off&#8221; button_border_width__hover_enabled=&#8221;off&#8221; button_one_border_width__hover_enabled=&#8221;off&#8221; button_two_border_width__hover_enabled=&#8221;off&#8221; button_border_color__hover_enabled=&#8221;off&#8221; button_one_border_color__hover_enabled=&#8221;off&#8221; button_two_border_color__hover_enabled=&#8221;off&#8221; button_border_radius__hover_enabled=&#8221;off&#8221; button_one_border_radius__hover_enabled=&#8221;off&#8221; button_two_border_radius__hover_enabled=&#8221;off&#8221; button_letter_spacing__hover_enabled=&#8221;off&#8221; button_one_letter_spacing__hover_enabled=&#8221;off&#8221; button_two_letter_spacing__hover_enabled=&#8221;off&#8221; button_bg_color__hover_enabled=&#8221;off&#8221; button_one_bg_color__hover_enabled=&#8221;off&#8221; button_two_bg_color__hover_enabled=&#8221;off&#8221;][\/et_pb_contact_field][et_pb_contact_field field_id=&#8221;Telefone&#8221; field_title=&#8221;Telefone&#8221; _builder_version=&#8221;4.10.5&#8243; global_colors_info=&#8221;{}&#8221; button_text_size__hover_enabled=&#8221;off&#8221; button_one_text_size__hover_enabled=&#8221;off&#8221; button_two_text_size__hover_enabled=&#8221;off&#8221; button_text_color__hover_enabled=&#8221;off&#8221; button_one_text_color__hover_enabled=&#8221;off&#8221; button_two_text_color__hover_enabled=&#8221;off&#8221; button_border_width__hover_enabled=&#8221;off&#8221; button_one_border_width__hover_enabled=&#8221;off&#8221; button_two_border_width__hover_enabled=&#8221;off&#8221; button_border_color__hover_enabled=&#8221;off&#8221; button_one_border_color__hover_enabled=&#8221;off&#8221; button_two_border_color__hover_enabled=&#8221;off&#8221; button_border_radius__hover_enabled=&#8221;off&#8221; button_one_border_radius__hover_enabled=&#8221;off&#8221; button_two_border_radius__hover_enabled=&#8221;off&#8221; button_letter_spacing__hover_enabled=&#8221;off&#8221; button_one_letter_spacing__hover_enabled=&#8221;off&#8221; button_two_letter_spacing__hover_enabled=&#8221;off&#8221; button_bg_color__hover_enabled=&#8221;off&#8221; button_one_bg_color__hover_enabled=&#8221;off&#8221; button_two_bg_color__hover_enabled=&#8221;off&#8221;][\/et_pb_contact_field][et_pb_contact_field field_id=&#8221;Assunto&#8221; field_title=&#8221;Assunto&#8221; _builder_version=&#8221;4.10.5&#8243; global_colors_info=&#8221;{}&#8221; button_text_size__hover_enabled=&#8221;off&#8221; button_one_text_size__hover_enabled=&#8221;off&#8221; button_two_text_size__hover_enabled=&#8221;off&#8221; button_text_color__hover_enabled=&#8221;off&#8221; button_one_text_color__hover_enabled=&#8221;off&#8221; button_two_text_color__hover_enabled=&#8221;off&#8221; button_border_width__hover_enabled=&#8221;off&#8221; button_one_border_width__hover_enabled=&#8221;off&#8221; button_two_border_width__hover_enabled=&#8221;off&#8221; button_border_color__hover_enabled=&#8221;off&#8221; button_one_border_color__hover_enabled=&#8221;off&#8221; button_two_border_color__hover_enabled=&#8221;off&#8221; button_border_radius__hover_enabled=&#8221;off&#8221; button_one_border_radius__hover_enabled=&#8221;off&#8221; button_two_border_radius__hover_enabled=&#8221;off&#8221; button_letter_spacing__hover_enabled=&#8221;off&#8221; button_one_letter_spacing__hover_enabled=&#8221;off&#8221; button_two_letter_spacing__hover_enabled=&#8221;off&#8221; button_bg_color__hover_enabled=&#8221;off&#8221; button_one_bg_color__hover_enabled=&#8221;off&#8221; button_two_bg_color__hover_enabled=&#8221;off&#8221;][\/et_pb_contact_field][et_pb_contact_field field_id=&#8221;Message&#8221; field_title=&#8221;Mensagem&#8221; field_type=&#8221;text&#8221; fullwidth_field=&#8221;on&#8221; _builder_version=&#8221;3.16&#8243; global_colors_info=&#8221;{}&#8221; button_text_size__hover_enabled=&#8221;off&#8221; button_one_text_size__hover_enabled=&#8221;off&#8221; button_two_text_size__hover_enabled=&#8221;off&#8221; button_text_color__hover_enabled=&#8221;off&#8221; button_one_text_color__hover_enabled=&#8221;off&#8221; button_two_text_color__hover_enabled=&#8221;off&#8221; button_border_width__hover_enabled=&#8221;off&#8221; button_one_border_width__hover_enabled=&#8221;off&#8221; button_two_border_width__hover_enabled=&#8221;off&#8221; button_border_color__hover_enabled=&#8221;off&#8221; button_one_border_color__hover_enabled=&#8221;off&#8221; button_two_border_color__hover_enabled=&#8221;off&#8221; button_border_radius__hover_enabled=&#8221;off&#8221; button_one_border_radius__hover_enabled=&#8221;off&#8221; button_two_border_radius__hover_enabled=&#8221;off&#8221; button_letter_spacing__hover_enabled=&#8221;off&#8221; button_one_letter_spacing__hover_enabled=&#8221;off&#8221; button_two_letter_spacing__hover_enabled=&#8221;off&#8221; button_bg_color__hover_enabled=&#8221;off&#8221; button_one_bg_color__hover_enabled=&#8221;off&#8221; button_two_bg_color__hover_enabled=&#8221;off&#8221;][\/et_pb_contact_field][\/et_pb_contact_form][\/et_pb_column][\/et_pb_row][\/et_pb_section][et_pb_section fb_built=&#8221;1&#8243; _builder_version=&#8221;4.10.5&#8243; _module_preset=&#8221;default&#8221; background_image=&#8221;https:\/\/concoop.coop.br\/wp-content\/uploads\/2021\/11\/fundo-verde-home.jpg&#8221; global_colors_info=&#8221;{}&#8221;][et_pb_row column_structure=&#8221;1_2,1_2&#8243; _builder_version=&#8221;4.10.5&#8243; _module_preset=&#8221;default&#8221; global_colors_info=&#8221;{}&#8221;][et_pb_column type=&#8221;1_2&#8243; _builder_version=&#8221;4.10.5&#8243; _module_preset=&#8221;default&#8221; global_colors_info=&#8221;{}&#8221;][et_pb_text _builder_version=&#8221;4.10.5&#8243; _module_preset=&#8221;default&#8221; text_text_color=&#8221;#FFFFFF&#8221; header_font=&#8221;|||on|||||&#8221; header_text_color=&#8221;#FFFFFF&#8221; text_orientation=&#8221;justified&#8221; global_colors_info=&#8221;{}&#8221;]<\/p>\n<h1>A CONCOOP<\/h1>\n<p>Fundada em 1998, a Cooperativa M\u00e9dica e Especialidades Afins teve seu nome alterado em 2014 para Cooperativa de M\u00e9dicos Concoop. Com mais de 20 anos de atua\u00e7\u00e3o no mercado cooperativista, a Concoop foi criada inicialmente para realizar o faturamento do honor\u00e1rio m\u00e9dicos do Complexo Hospital S\u00e3o Francisco de Assis.<\/p>\n<p>Sempre trabalhando com o objetivo de valorizar o trabalho de seus cooperados, a Concoop ampliou sua atua\u00e7\u00e3o e, atualmente, realiza tamb\u00e9m o faturamento de contas m\u00e9dicos do Instituto de Otorrino de Minas Gerias.<\/p>\n<p>Hoje, a Concoop re\u00fane em torno de 400 cooperados, com atendimento na rede SUS e privada, em diversas especialidades.<\/p>\n<p>[\/et_pb_text][et_pb_button button_text=&#8221;CONHE\u00c7A MAIS&#8221; _builder_version=&#8221;4.10.5&#8243; _module_preset=&#8221;default&#8221; custom_button=&#8221;on&#8221; button_text_size=&#8221;16px&#8221; button_text_color=&#8221;#FFFFFF&#8221; button_border_width=&#8221;2px&#8221; button_border_color=&#8221;#FFFFFF&#8221; button_border_radius=&#8221;30px&#8221; button_use_icon=&#8221;off&#8221; hover_enabled=&#8221;0&#8243; global_colors_info=&#8221;{}&#8221; button_url=&#8221;https:\/\/concoop.coop.br\/index.php\/nossa-historia\/&#8221; sticky_enabled=&#8221;0&#8243;][\/et_pb_button][\/et_pb_column][et_pb_column type=&#8221;1_2&#8243; _builder_version=&#8221;4.10.5&#8243; _module_preset=&#8221;default&#8221; global_colors_info=&#8221;{}&#8221;][\/et_pb_column][\/et_pb_row][\/et_pb_section][et_pb_section fb_built=&#8221;1&#8243; _builder_version=&#8221;4.10.5&#8243; _module_preset=&#8221;default&#8221; background_color=&#8221;#91cda0&#8243; global_module=&#8221;97&#8243; saved_tabs=&#8221;all&#8221; global_colors_info=&#8221;{}&#8221;][et_pb_row column_structure=&#8221;1_3,1_3,1_3&#8243; _builder_version=&#8221;4.10.5&#8243; _module_preset=&#8221;default&#8221; global_colors_info=&#8221;{}&#8221;][et_pb_column type=&#8221;1_3&#8243; _builder_version=&#8221;4.10.5&#8243; _module_preset=&#8221;default&#8221; global_colors_info=&#8221;{}&#8221;][et_pb_text _builder_version=&#8221;4.10.5&#8243; _module_preset=&#8221;default&#8221; text_text_color=&#8221;#FFFFFF&#8221; header_3_font=&#8221;|||on|||||&#8221; header_3_text_color=&#8221;#FFFFFF&#8221; header_3_font_size=&#8221;20px&#8221; global_colors_info=&#8221;{}&#8221;]<\/p>\n<h3>Seja um cooperado<\/h3>\n<p>Seja nosso cooperado e utilizar todos os benef\u00edcios que voc\u00ea pode precisar.<\/p>\n<p>[\/et_pb_text][et_pb_button button_text=&#8221;CADASTRE-SE&#8221; _builder_version=&#8221;4.10.5&#8243; _module_preset=&#8221;default&#8221; custom_button=&#8221;on&#8221; button_text_size=&#8221;16px&#8221; button_text_color=&#8221;#2D6547&#8243; button_bg_color=&#8221;#FFFFFF&#8221; button_border_width=&#8221;1px&#8221; button_border_color=&#8221;#2D6547&#8243; button_border_radius=&#8221;30px&#8221; button_use_icon=&#8221;off&#8221; global_colors_info=&#8221;{}&#8221;][\/et_pb_button][\/et_pb_column][et_pb_column type=&#8221;1_3&#8243; _builder_version=&#8221;4.10.5&#8243; _module_preset=&#8221;default&#8221; global_colors_info=&#8221;{}&#8221;][et_pb_text _builder_version=&#8221;4.10.5&#8243; _module_preset=&#8221;default&#8221; text_text_color=&#8221;#FFFFFF&#8221; header_3_font=&#8221;|||on|||||&#8221; header_3_text_color=&#8221;#FFFFFF&#8221; header_3_font_size=&#8221;20px&#8221; global_colors_info=&#8221;{}&#8221;]<\/p>\n<h3>Endere\u00e7o<\/h3>\n<p>Rua Juru\u00e1, 50 &#8211; loja 08, Bairro da Gra\u00e7a, <br \/>Belo Horizonte \u2013 Minas Gerais <br \/>CEP: 31140-020<\/p>\n<p>[\/et_pb_text][et_pb_text _builder_version=&#8221;4.10.5&#8243; _module_preset=&#8221;default&#8221; text_text_color=&#8221;#FFFFFF&#8221; header_3_font=&#8221;|||on|||||&#8221; header_3_text_color=&#8221;#FFFFFF&#8221; header_3_font_size=&#8221;20px&#8221; global_colors_info=&#8221;{}&#8221;]<\/p>\n<h3>Hor\u00e1rio de funcionamento<\/h3>\n<p><strong>Segunda a sexta-feira:<\/strong> 8h \u00e0s 17h<br \/><strong>Fechado no hor\u00e1rio de almo\u00e7o:<\/strong> 12h \u00e0s 13h<\/p>\n<p>[\/et_pb_text][\/et_pb_column][et_pb_column type=&#8221;1_3&#8243; _builder_version=&#8221;4.10.5&#8243; _module_preset=&#8221;default&#8221; global_colors_info=&#8221;{}&#8221;][et_pb_text _builder_version=&#8221;4.10.5&#8243; _module_preset=&#8221;default&#8221; text_text_color=&#8221;#FFFFFF&#8221; link_font=&#8221;|600|||||||&#8221; link_text_color=&#8221;#FFFFFF&#8221; header_2_font=&#8221;|600|||||||&#8221; header_2_text_color=&#8221;#FFFFFF&#8221; header_3_font=&#8221;|||on|||||&#8221; header_3_text_color=&#8221;#FFFFFF&#8221; header_3_font_size=&#8221;20px&#8221; global_colors_info=&#8221;{}&#8221;]<\/p>\n<h3>Central de atendimento<\/h3>\n<h2><a href=\"tel:3125104144\"><img loading=\"lazy\" decoding=\"async\" class=\"wp-image-57 alignnone size-full\" src=\"https:\/\/concoop.coop.br\/wp-content\/uploads\/2021\/11\/telefone.png\" alt=\"\" width=\"20\" height=\"20\" \/>\u00a031 2510-4144<\/a><\/h2>\n<p><strong>E-mail:<\/strong> <a href=\"mailto:contato@concoop.com.br\">contato@concoop.com.br<\/a><\/p>\n<p>[\/et_pb_text][\/et_pb_column][\/et_pb_row][\/et_pb_section]<\/p>\n","protected":false},"excerpt":{"rendered":"<p>Tem coisas que s\u00f3 uma Cooperativa faz por voc\u00ea! As cooperativas de trabalho m\u00e9dico s\u00e3o especializadas na cobran\u00e7a de honor\u00e1rios, defesa e valoriza\u00e7\u00e3o do seu trabalho. Por isso, tem coisas que s\u00f3 uma cooperativa faz por voc\u00ea:Agilidade e precis\u00e3o no repasse de proventos. Acompanhamento e recupera\u00e7\u00e3o efetiva das glosas. Cobran\u00e7a correta e completa dos honor\u00e1rios, [&hellip;]<\/p>\n","protected":false},"author":1,"featured_media":0,"parent":0,"menu_order":0,"comment_status":"closed","ping_status":"closed","template":"","meta":{"_et_pb_use_builder":"on","_et_pb_old_content":"","_et_gb_content_width":"","footnotes":""},"class_list":["post-45","page","type-page","status-publish","hentry"],"_links":{"self":[{"href":"https:\/\/concoop.coop.br\/index.php\/wp-json\/wp\/v2\/pages\/45","targetHints":{"allow":["GET"]}}],"collection":[{"href":"https:\/\/concoop.coop.br\/index.php\/wp-json\/wp\/v2\/pages"}],"about":[{"href":"https:\/\/concoop.coop.br\/index.php\/wp-json\/wp\/v2\/types\/page"}],"author":[{"embeddable":true,"href":"https:\/\/concoop.coop.br\/index.php\/wp-json\/wp\/v2\/users\/1"}],"replies":[{"embeddable":true,"href":"https:\/\/concoop.coop.br\/index.php\/wp-json\/wp\/v2\/comments?post=45"}],"version-history":[{"count":19,"href":"https:\/\/concoop.coop.br\/index.php\/wp-json\/wp\/v2\/pages\/45\/revisions"}],"predecessor-version":[{"id":106,"href":"https:\/\/concoop.coop.br\/index.php\/wp-json\/wp\/v2\/pages\/45\/revisions\/106"}],"wp:attachment":[{"href":"https:\/\/concoop.coop.br\/index.php\/wp-json\/wp\/v2\/media?parent=45"}],"curies":[{"name":"wp","href":"https:\/\/api.w.org\/{rel}","templated":true}]}}